{"id":7229,"date":"2026-05-04T13:47:20","date_gmt":"2026-05-04T16:47:20","guid":{"rendered":"https:\/\/farahveiculos.com.br\/?post_type=product&#038;p=7229"},"modified":"2026-05-04T13:47:20","modified_gmt":"2026-05-04T16:47:20","slug":"dolphin-mini-gs-2025","status":"publish","type":"product","link":"https:\/\/farahveiculos.com.br\/index.php\/produto\/dolphin-mini-gs-2025\/","title":{"rendered":"DOLPHIN MINI GS &#8211; 2025"},"content":{"rendered":"","protected":false},"excerpt":{"rendered":"<blockquote>\n<h3>DOLPHIN MINI GS &#8211; 2025<br \/>\nR$107.000<\/h3>\n<\/blockquote>\n<ul>\n<li><strong>Destaques:<\/strong><br \/>\n\u00danico Dono<br \/>\nAutom\u00e1tico<br \/>\nTodas Revis\u00f5es na Concession\u00e1ria<br \/>\nGarantia de F\u00e1brica<br \/>\n29mkm<br \/>\n5 Lugares<br \/>\n38kw<\/li>\n<li><strong>Conforto:<\/strong><br \/>\nAr Condicionado<br \/>\nDire\u00e7\u00e3o El\u00e9trica<br \/>\nVidros El\u00e9tricos<br \/>\nTravas El\u00e9tricas<br \/>\nRetrovisores El\u00e9tricos<br \/>\nBancos em Couro<br \/>\nAjuste de Altura do Banco<br \/>\nAjuste de Altura do Volante<\/li>\n<li><strong>Seguran\u00e7a:<\/strong><br \/>\nFreios ABS<br \/>\n6 Air Bags<br \/>\nControle de Estabilidade<br \/>\nControle de Tra\u00e7\u00e3o<br \/>\nAlarme<\/li>\n<li><strong>Entretenimento:<\/strong><br \/>\nMultim\u00eddia Original<br \/>\nControles de Som no Volante<\/li>\n<li><strong>Conveni\u00eancia:<\/strong><br \/>\nComputador de Bordo<br \/>\nPiloto Autom\u00e1tico<br \/>\nSensor de Estacionamento<br \/>\nC\u00e2mera de R\u00e9<br \/>\nBanco com Regulagem El\u00e9trica<br \/>\nChave com Sensor de Presen\u00e7a<br \/>\nBot\u00e3o de Partida<\/li>\n<li><strong>Est\u00e9tica e Outros:<\/strong><br \/>\nRodas de Liga Leve<br \/>\nFarol Full Led<\/li>\n<\/ul>\n[Form id=\"1\"]\n","protected":false},"featured_media":7230,"template":"","meta":[],"product_cat":[94],"product_tag":[],"_links":{"self":[{"href":"https:\/\/farahveiculos.com.br\/index.php\/wp-json\/wp\/v2\/product\/7229"}],"collection":[{"href":"https:\/\/farahveiculos.com.br\/index.php\/wp-json\/wp\/v2\/product"}],"about":[{"href":"https:\/\/farahveiculos.com.br\/index.php\/wp-json\/wp\/v2\/types\/product"}],"wp:featuredmedia":[{"embeddable":true,"href":"https:\/\/farahveiculos.com.br\/index.php\/wp-json\/wp\/v2\/media\/7230"}],"wp:attachment":[{"href":"https:\/\/farahveiculos.com.br\/index.php\/wp-json\/wp\/v2\/media?parent=7229"}],"wp:term":[{"taxonomy":"product_cat","embeddable":true,"href":"https:\/\/farahveiculos.com.br\/index.php\/wp-json\/wp\/v2\/product_cat?post=7229"},{"taxonomy":"product_tag","embeddable":true,"href":"https:\/\/farahveiculos.com.br\/index.php\/wp-json\/wp\/v2\/product_tag?post=7229"}],"curies":[{"name":"wp","href":"https:\/\/api.w.org\/{rel}","templated":true}]}}