{"id":7209,"date":"2026-04-30T17:34:37","date_gmt":"2026-04-30T20:34:37","guid":{"rendered":"https:\/\/farahveiculos.com.br\/?post_type=product&#038;p=7209"},"modified":"2026-04-30T17:34:37","modified_gmt":"2026-04-30T20:34:37","slug":"l200-triton-hpe-sport-2-4-at-2022","status":"publish","type":"product","link":"https:\/\/farahveiculos.com.br\/index.php\/produto\/l200-triton-hpe-sport-2-4-at-2022\/","title":{"rendered":"L200 TRITON HPE SPORT 2.4 AT &#8211; 2022"},"content":{"rendered":"","protected":false},"excerpt":{"rendered":"<blockquote>\n<h3>L200 TRITON HPE SPORT 2.4 AT &#8211; 2022<br \/>\nR$180.000<\/h3>\n<\/blockquote>\n<ul>\n<li><strong>Destaques:<\/strong><br \/>\n\u00danico Dono<br \/>\nAutom\u00e1tico<br \/>\nTodas Revis\u00f5es na Concession\u00e1ria<br \/>\n92mkm<br \/>\n4&#215;4<br \/>\nTurbo Diesel<\/li>\n<li><strong>Conforto:<\/strong><br \/>\nAr Digital Dual Zone<br \/>\nDire\u00e7\u00e3o Hidr\u00e1ulica<br \/>\nVidros El\u00e9tricos 4P<br \/>\nTravas El\u00e9tricas<br \/>\nRetrovisores El\u00e9tricos<br \/>\nBancos em Couro<br \/>\nAjuste de Altura do Banco<br \/>\nAjuste de Altura do Volante<\/li>\n<li><strong>Seguran\u00e7a:<\/strong><br \/>\nFreios ABS<br \/>\n6 Air Bags<br \/>\nControle de Estabilidade<br \/>\nControle de Tra\u00e7\u00e3o<br \/>\nAlarme<\/li>\n<li><strong>Entretenimento:<\/strong><br \/>\nMultim\u00eddia Original<br \/>\nControles de Som no Volante<\/li>\n<li><strong>Conveni\u00eancia:<\/strong><br \/>\nComputador de Bordo<br \/>\nPiloto Autom\u00e1tico<br \/>\nSensor de Estacionamento<br \/>\nC\u00e2mera de R\u00e9<br \/>\nBanco com Regulagem El\u00e9trica<\/li>\n<li><strong>Est\u00e9tica e Outros:<\/strong><br \/>\nRodas de Liga Leve<br \/>\nFarol de Neblina<br \/>\nCapota Mar\u00edtima<br \/>\nProtetor de Ca\u00e7amba<\/li>\n<\/ul>\n[Form id=\"1\"]\n","protected":false},"featured_media":7210,"template":"","meta":[],"product_cat":[94],"product_tag":[],"_links":{"self":[{"href":"https:\/\/farahveiculos.com.br\/index.php\/wp-json\/wp\/v2\/product\/7209"}],"collection":[{"href":"https:\/\/farahveiculos.com.br\/index.php\/wp-json\/wp\/v2\/product"}],"about":[{"href":"https:\/\/farahveiculos.com.br\/index.php\/wp-json\/wp\/v2\/types\/product"}],"wp:featuredmedia":[{"embeddable":true,"href":"https:\/\/farahveiculos.com.br\/index.php\/wp-json\/wp\/v2\/media\/7210"}],"wp:attachment":[{"href":"https:\/\/farahveiculos.com.br\/index.php\/wp-json\/wp\/v2\/media?parent=7209"}],"wp:term":[{"taxonomy":"product_cat","embeddable":true,"href":"https:\/\/farahveiculos.com.br\/index.php\/wp-json\/wp\/v2\/product_cat?post=7209"},{"taxonomy":"product_tag","embeddable":true,"href":"https:\/\/farahveiculos.com.br\/index.php\/wp-json\/wp\/v2\/product_tag?post=7209"}],"curies":[{"name":"wp","href":"https:\/\/api.w.org\/{rel}","templated":true}]}}