{"id":7194,"date":"2026-04-24T16:36:31","date_gmt":"2026-04-24T19:36:31","guid":{"rendered":"https:\/\/farahveiculos.com.br\/?post_type=product&#038;p=7194"},"modified":"2026-04-24T16:36:31","modified_gmt":"2026-04-24T19:36:31","slug":"saveiro-cross-1-6-2014","status":"publish","type":"product","link":"https:\/\/farahveiculos.com.br\/index.php\/produto\/saveiro-cross-1-6-2014\/","title":{"rendered":"SAVEIRO CROSS 1.6 &#8211; 2014"},"content":{"rendered":"","protected":false},"excerpt":{"rendered":"<blockquote>\n<h3>SAVEIRO CROSS 1.6 &#8211; 2014<br \/>\nR$62.000<\/h3>\n<\/blockquote>\n<ul>\n<li><strong>Conforto:<\/strong><br \/>\nAr Condicionado<br \/>\nDire\u00e7\u00e3o Hidr\u00e1ulica<br \/>\nVidros El\u00e9tricos<br \/>\nTravas El\u00e9tricas<br \/>\nRetrovisores El\u00e9tricos<br \/>\nBancos em Couro<br \/>\nAjuste de Altura do Banco<br \/>\nAjuste de Altura do Volante<\/li>\n<li><strong>Seguran\u00e7a:<\/strong><br \/>\nFreios ABS<br \/>\nAir Bag Duplo<br \/>\nAlarme<\/li>\n<li><strong>Entretenimento:<\/strong><br \/>\nSom Original<br \/>\nBluetooth<br \/>\nControles de Som no Volante<\/li>\n<li><strong>Conveni\u00eancia:<\/strong><br \/>\nComputador de Bordo<br \/>\nSensor de Estacionamento<\/li>\n<li><strong>Est\u00e9tica e Outros:<\/strong><br \/>\nRodas de Liga Leve<br \/>\nFarol de Neblina<br \/>\nCapota Mar\u00edtima<br \/>\nProtetor de Ca\u00e7amba<\/li>\n<\/ul>\n[Form id=\"1\"]\n","protected":false},"featured_media":7195,"template":"","meta":[],"product_cat":[94],"product_tag":[],"_links":{"self":[{"href":"https:\/\/farahveiculos.com.br\/index.php\/wp-json\/wp\/v2\/product\/7194"}],"collection":[{"href":"https:\/\/farahveiculos.com.br\/index.php\/wp-json\/wp\/v2\/product"}],"about":[{"href":"https:\/\/farahveiculos.com.br\/index.php\/wp-json\/wp\/v2\/types\/product"}],"wp:featuredmedia":[{"embeddable":true,"href":"https:\/\/farahveiculos.com.br\/index.php\/wp-json\/wp\/v2\/media\/7195"}],"wp:attachment":[{"href":"https:\/\/farahveiculos.com.br\/index.php\/wp-json\/wp\/v2\/media?parent=7194"}],"wp:term":[{"taxonomy":"product_cat","embeddable":true,"href":"https:\/\/farahveiculos.com.br\/index.php\/wp-json\/wp\/v2\/product_cat?post=7194"},{"taxonomy":"product_tag","embeddable":true,"href":"https:\/\/farahveiculos.com.br\/index.php\/wp-json\/wp\/v2\/product_tag?post=7194"}],"curies":[{"name":"wp","href":"https:\/\/api.w.org\/{rel}","templated":true}]}}