{"id":7146,"date":"2026-04-08T17:06:27","date_gmt":"2026-04-08T20:06:27","guid":{"rendered":"https:\/\/farahveiculos.com.br\/?post_type=product&#038;p=7146"},"modified":"2026-04-08T17:06:27","modified_gmt":"2026-04-08T20:06:27","slug":"strada-freedom-1-3-2025","status":"publish","type":"product","link":"https:\/\/farahveiculos.com.br\/index.php\/produto\/strada-freedom-1-3-2025\/","title":{"rendered":"STRADA FREEDOM 1.3 &#8211; 2025"},"content":{"rendered":"","protected":false},"excerpt":{"rendered":"<blockquote>\n<h3>STRADA FREEDOM 1.3 &#8211; 2025<br \/>\nR$105.000<\/h3>\n<\/blockquote>\n<ul>\n<li><strong>Destaques:<\/strong><br \/>\n\u00danico Dono<br \/>\nTodas Revis\u00f5es na Concession\u00e1ria<br \/>\nGarantia de F\u00e1brica<br \/>\nApenas 450 km<\/li>\n<li><strong>Conforto:<\/strong><br \/>\nAr Condicionado<br \/>\nDire\u00e7\u00e3o El\u00e9trica<br \/>\nVidros El\u00e9tricos<br \/>\nTravas El\u00e9tricas<br \/>\nRetrovisores El\u00e9tricos<br \/>\nAjuste de Altura do Banco<br \/>\nAjuste de Altura do Volante<\/li>\n<li><strong>Seguran\u00e7a:<\/strong><br \/>\nFreios ABS<br \/>\nAir Bag Duplo<br \/>\nControle de Estabilidade<br \/>\nControle de Tra\u00e7\u00e3o<br \/>\nAlarme<\/li>\n<li><strong>Conveni\u00eancia e Outros:<\/strong><br \/>\nComputador de Bordo<br \/>\nCapota Mar\u00edtima<br \/>\nProtetor de Ca\u00e7amba<\/li>\n<\/ul>\n[Form id=\"1\"]\n","protected":false},"featured_media":7147,"template":"","meta":[],"product_cat":[94],"product_tag":[],"_links":{"self":[{"href":"https:\/\/farahveiculos.com.br\/index.php\/wp-json\/wp\/v2\/product\/7146"}],"collection":[{"href":"https:\/\/farahveiculos.com.br\/index.php\/wp-json\/wp\/v2\/product"}],"about":[{"href":"https:\/\/farahveiculos.com.br\/index.php\/wp-json\/wp\/v2\/types\/product"}],"wp:featuredmedia":[{"embeddable":true,"href":"https:\/\/farahveiculos.com.br\/index.php\/wp-json\/wp\/v2\/media\/7147"}],"wp:attachment":[{"href":"https:\/\/farahveiculos.com.br\/index.php\/wp-json\/wp\/v2\/media?parent=7146"}],"wp:term":[{"taxonomy":"product_cat","embeddable":true,"href":"https:\/\/farahveiculos.com.br\/index.php\/wp-json\/wp\/v2\/product_cat?post=7146"},{"taxonomy":"product_tag","embeddable":true,"href":"https:\/\/farahveiculos.com.br\/index.php\/wp-json\/wp\/v2\/product_tag?post=7146"}],"curies":[{"name":"wp","href":"https:\/\/api.w.org\/{rel}","templated":true}]}}