{"id":7129,"date":"2026-04-02T14:58:26","date_gmt":"2026-04-02T17:58:26","guid":{"rendered":"https:\/\/farahveiculos.com.br\/?post_type=product&#038;p=7129"},"modified":"2026-04-02T14:58:27","modified_gmt":"2026-04-02T17:58:27","slug":"onix-lt-1-4-2019","status":"publish","type":"product","link":"https:\/\/farahveiculos.com.br\/index.php\/produto\/onix-lt-1-4-2019\/","title":{"rendered":"ONIX LT 1.4 &#8211; 2019"},"content":{"rendered":"","protected":false},"excerpt":{"rendered":"<blockquote>\n<h3>ONIX LT 1.4 &#8211; 2019<br \/>\nR$62.000<\/h3>\n<\/blockquote>\n<ul>\n<li><strong>Destaques:<\/strong><br \/>\n\u00danico Dono<br \/>\n124mkm<\/li>\n<li><strong>Conforto:<\/strong><br \/>\nAr Condicionado<br \/>\nDire\u00e7\u00e3o Hidr\u00e1ulica<br \/>\nVidros El\u00e9tricos<br \/>\nTravas El\u00e9tricas<br \/>\nRetrovisores El\u00e9tricos<br \/>\nAjuste de Altura do Banco<br \/>\nAjuste de Altura do Volante<\/li>\n<li><strong>Seguran\u00e7a:<\/strong><br \/>\nFreios ABS<br \/>\nAir Bag Duplo<br \/>\nAlarme<\/li>\n<li><strong>Entretenimento:<\/strong><br \/>\nMultim\u00eddia Original<br \/>\nBluetooth<br \/>\nControles de Som no Volante<\/li>\n<li><strong>Conveni\u00eancia e Outros:<\/strong><br \/>\nComputador de Bordo<br \/>\nSensor de Estacionamento<br \/>\nRodas de Liga Leve<\/li>\n<\/ul>\n[Form id=\"1\"]\n","protected":false},"featured_media":7130,"template":"","meta":[],"product_cat":[94],"product_tag":[],"_links":{"self":[{"href":"https:\/\/farahveiculos.com.br\/index.php\/wp-json\/wp\/v2\/product\/7129"}],"collection":[{"href":"https:\/\/farahveiculos.com.br\/index.php\/wp-json\/wp\/v2\/product"}],"about":[{"href":"https:\/\/farahveiculos.com.br\/index.php\/wp-json\/wp\/v2\/types\/product"}],"wp:featuredmedia":[{"embeddable":true,"href":"https:\/\/farahveiculos.com.br\/index.php\/wp-json\/wp\/v2\/media\/7130"}],"wp:attachment":[{"href":"https:\/\/farahveiculos.com.br\/index.php\/wp-json\/wp\/v2\/media?parent=7129"}],"wp:term":[{"taxonomy":"product_cat","embeddable":true,"href":"https:\/\/farahveiculos.com.br\/index.php\/wp-json\/wp\/v2\/product_cat?post=7129"},{"taxonomy":"product_tag","embeddable":true,"href":"https:\/\/farahveiculos.com.br\/index.php\/wp-json\/wp\/v2\/product_tag?post=7129"}],"curies":[{"name":"wp","href":"https:\/\/api.w.org\/{rel}","templated":true}]}}